{"id":40,"date":"2017-10-30T22:16:19","date_gmt":"2017-10-30T21:16:19","guid":{"rendered":"http:\/\/skalickyobzor.sk\/cms\/?page_id=40"},"modified":"2026-03-18T21:14:37","modified_gmt":"2026-03-18T20:14:37","slug":"o-nas","status":"publish","type":"page","link":"http:\/\/skalickyobzor.sk\/cms\/o-nas\/","title":{"rendered":"O n\u00e1s"},"content":{"rendered":"<h3>Redakcia<\/h3>\n<p><img loading=\"lazy\" decoding=\"async\" class=\"wp-image-6073 alignnone\" style=\"float: right; margin-top:-80px\" src=\"http:\/\/skalickyobzor.sk\/cms\/wp-content\/uploads\/2026\/03\/logo_navysku.png\" alt=\"\" width=\"130\" height=\"81\" srcset=\"http:\/\/skalickyobzor.sk\/cms\/wp-content\/uploads\/2026\/03\/logo_navysku.png 630w, http:\/\/skalickyobzor.sk\/cms\/wp-content\/uploads\/2026\/03\/logo_navysku-300x188.png 300w\" sizes=\"auto, (max-width: 130px) 100vw, 130px\" \/><\/p>\n<p><strong>Vydavate\u013e:<\/strong> SKALICA je pjekn\u00e9 mjesto<br \/>\n<strong>Redak\u010dn\u00e1 rada:<\/strong> Prof. PhDr. Eva Fordin\u00e1lov\u00e1, CSc., Ing. \u017delm\u00edra Mach\u00e1\u010dkov\u00e1, Mgr. Iva Bukvov\u00e1<br \/>\n<strong>Prispievatelia:<\/strong> ob\u010dania mesta Skalica<\/p>\n<h3>Kontakt<\/h3>\n<p><strong>Adresa redakcie:<\/strong> Skalick\u00fd Obzor, Mall\u00e9ho 60, 909 01 Skalica<br \/>\n<strong>e-mail:<\/strong> skalickyobzor@skalickyobzor.sk<br \/>\nEV: 5707\/18<br \/>\n<strong>Adresa vydavate\u013ea:<\/strong> Skalick\u00fd Obzor, Mall\u00e9ho 60, 909 01 Skalica<\/p>\n<p><strong>Uz\u00e1vierka k\u00a015. d\u0148u v\u00a0mesiaci.<\/strong><\/p>\n<p>Redakcia si vyhradzuje pr\u00e1vo v\u00fdberu pr\u00edspevkov, vyhradzuje si pr\u00e1vo pr\u00edspevky skr\u00e1ti\u0165 a\u00a0redak\u010dne upravi\u0165.<br \/>\nUverejnen\u00e9 pr\u00edspevky nemusia by\u0165 toto\u017en\u00e9 s\u00a0n\u00e1zorom redakcie. Rukopisy nearchivujeme. Zodpovednos\u0165 za obsah textov a\u00a0fotografi\u00ed nesie autor.<\/p>\n<h3>Tla\u010d a distrib\u00facia<\/h3>\n<p style=\"font-weight: 400;\">Grafick\u00e1 \u00faprava a\u00a0tla\u010d: Z\u00e1padoslovensk\u00e9 tla\u010diarne Skalica, s.r.o.<\/p>\n<p style=\"font-weight: 400;\">Distrib\u00facia:<\/p>\n<ol style=\"font-weight: 400;\">\n<li>Doru\u010den\u00edm na adresu (po objednan\u00ed)<\/li>\n<li>Na v\u00fddajn\u00fdch miestach<\/li>\n<li>Elektronick\u00e1 verzia:\u00a0<a href=\"http:\/\/www.skalickyobzor.sk\/\" data-saferedirecturl=\"https:\/\/www.google.com\/url?q=http:\/\/www.skalickyobzor.sk&amp;source=gmail&amp;ust=1773949298733000&amp;usg=AOvVaw3xat9pXyPX2_zcxeb5YzU1\">www.skalickyobzor.sk<\/a><\/li>\n<\/ol>\n<p style=\"font-weight: 400;\">Cena: gr\u00e1tis, nepredajn\u00e9<br \/>\nVych\u00e1dza: ob\u010dasn\u00edk<\/p>\n","protected":false},"excerpt":{"rendered":"<div class=\"mh-excerpt\"><p>Redakcia Vydavate\u013e: SKALICA je pjekn\u00e9 mjesto Redak\u010dn\u00e1 rada: Prof. PhDr. Eva Fordin\u00e1lov\u00e1, CSc., Ing. \u017delm\u00edra Mach\u00e1\u010dkov\u00e1, Mgr. Iva Bukvov\u00e1 Prispievatelia: ob\u010dania mesta Skalica Kontakt Adresa redakcie: Skalick\u00fd Obzor, Mall\u00e9ho 60, 909 01 Skalica e-mail: skalickyobzor@skalickyobzor.sk <a class=\"mh-excerpt-more\" href=\"http:\/\/skalickyobzor.sk\/cms\/o-nas\/\" title=\"O n\u00e1s\">[&#8230;]<\/a><\/p>\n<\/div>","protected":false},"author":1,"featured_media":17,"parent":0,"menu_order":0,"comment_status":"closed","ping_status":"closed","template":"","meta":{"footnotes":""},"class_list":["post-40","page","type-page","status-publish","has-post-thumbnail"],"_links":{"self":[{"href":"http:\/\/skalickyobzor.sk\/cms\/wp-json\/wp\/v2\/pages\/40","targetHints":{"allow":["GET"]}}],"collection":[{"href":"http:\/\/skalickyobzor.sk\/cms\/wp-json\/wp\/v2\/pages"}],"about":[{"href":"http:\/\/skalickyobzor.sk\/cms\/wp-json\/wp\/v2\/types\/page"}],"author":[{"embeddable":true,"href":"http:\/\/skalickyobzor.sk\/cms\/wp-json\/wp\/v2\/users\/1"}],"replies":[{"embeddable":true,"href":"http:\/\/skalickyobzor.sk\/cms\/wp-json\/wp\/v2\/comments?post=40"}],"version-history":[{"count":37,"href":"http:\/\/skalickyobzor.sk\/cms\/wp-json\/wp\/v2\/pages\/40\/revisions"}],"predecessor-version":[{"id":6094,"href":"http:\/\/skalickyobzor.sk\/cms\/wp-json\/wp\/v2\/pages\/40\/revisions\/6094"}],"wp:featuredmedia":[{"embeddable":true,"href":"http:\/\/skalickyobzor.sk\/cms\/wp-json\/wp\/v2\/media\/17"}],"wp:attachment":[{"href":"http:\/\/skalickyobzor.sk\/cms\/wp-json\/wp\/v2\/media?parent=40"}],"curies":[{"name":"wp","href":"https:\/\/api.w.org\/{rel}","templated":true}]}}